{"id":266,"date":"2014-05-08T19:30:05","date_gmt":"2014-05-08T18:30:05","guid":{"rendered":"http:\/\/www.ttcb.ch\/?page_id=266"},"modified":"2024-08-05T08:26:10","modified_gmt":"2024-08-05T07:26:10","slug":"resultate-plauschturnier-so","status":"publish","type":"page","link":"http:\/\/www.ttcb.ch\/?page_id=266","title":{"rendered":"Resultate Plauschturnier 2023"},"content":{"rendered":"<p><strong><em><img loading=\"lazy\" decoding=\"async\" class=\"wp-image-1729 alignleft\" src=\"http:\/\/www.ttcb.ch\/wp-content\/uploads\/2018\/09\/pokal.gif\" alt=\"\" width=\"245\" height=\"215\">Wir gratulieren herzlich den Gewinnern des Plauschturniers 2023:<\/em><\/strong><\/p>\n<p><span style=\"color: #993300;\"><strong><em>Kategorie Erwachsene:&nbsp;<\/em><\/strong><\/span><\/p>\n<p>St\u00e4rkeklasse 1: <strong>Michel Gritsch<\/strong><\/p>\n<p>St\u00e4rkeklasse 2: <strong>Frank Holzer<\/strong><\/p>\n<p>St\u00e4rkeklasse 3: <strong>Vanja Zabic<\/strong><\/p>\n<p><span style=\"color: #993300;\"><strong>Kategorie Sch\u00fcler\/Jugend:<\/strong><\/span> <strong>Giuliano Bazzichet<\/strong><\/p>\n<p>&nbsp;<\/p>\n<p>Die Ranglisten der verschiedenen Kategorien k\u00f6nnen hier eingesehen werden:<\/p>\n<p><a href=\"http:\/\/www.ttcb.ch\/wp-content\/uploads\/2023\/09\/Resultate-Plauschturnier-2023.pdf\">Detaillierte Schlussranglisten der einzelnen Kategorien<\/a><\/p>\n","protected":false},"excerpt":{"rendered":"<p>Wir gratulieren herzlich den Gewinnern des Plauschturniers 2023: Kategorie Erwachsene:&nbsp; St\u00e4rkeklasse 1: Michel Gritsch St\u00e4rkeklasse 2: Frank Holzer St\u00e4rkeklasse 3: Vanja Zabic Kategorie Sch\u00fcler\/Jugend: Giuliano Bazzichet &nbsp; Die Ranglisten der verschiedenen Kategorien k\u00f6nnen hier eingesehen werden: Detaillierte Schlussranglisten der einzelnen Kategorien<\/p>\n","protected":false},"author":4,"featured_media":0,"parent":0,"menu_order":0,"comment_status":"closed","ping_status":"closed","template":"templates\/page-right-sidebar.php","meta":{"ngg_post_thumbnail":0,"footnotes":""},"class_list":["post-266","page","type-page","status-publish","hentry"],"_links":{"self":[{"href":"http:\/\/www.ttcb.ch\/index.php?rest_route=\/wp\/v2\/pages\/266","targetHints":{"allow":["GET"]}}],"collection":[{"href":"http:\/\/www.ttcb.ch\/index.php?rest_route=\/wp\/v2\/pages"}],"about":[{"href":"http:\/\/www.ttcb.ch\/index.php?rest_route=\/wp\/v2\/types\/page"}],"author":[{"embeddable":true,"href":"http:\/\/www.ttcb.ch\/index.php?rest_route=\/wp\/v2\/users\/4"}],"replies":[{"embeddable":true,"href":"http:\/\/www.ttcb.ch\/index.php?rest_route=%2Fwp%2Fv2%2Fcomments&post=266"}],"version-history":[{"count":11,"href":"http:\/\/www.ttcb.ch\/index.php?rest_route=\/wp\/v2\/pages\/266\/revisions"}],"predecessor-version":[{"id":2931,"href":"http:\/\/www.ttcb.ch\/index.php?rest_route=\/wp\/v2\/pages\/266\/revisions\/2931"}],"wp:attachment":[{"href":"http:\/\/www.ttcb.ch\/index.php?rest_route=%2Fwp%2Fv2%2Fmedia&parent=266"}],"curies":[{"name":"wp","href":"https:\/\/api.w.org\/{rel}","templated":true}]}}