{"id":673,"date":"2014-09-16T23:47:34","date_gmt":"2014-09-16T22:47:34","guid":{"rendered":"http:\/\/www.ttcb.ch\/?page_id=673"},"modified":"2023-09-08T19:02:38","modified_gmt":"2023-09-08T18:02:38","slug":"auslosung-regionalturnier-2017","status":"publish","type":"page","link":"http:\/\/www.ttcb.ch\/?page_id=673","title":{"rendered":"Gruppeneinteilung 5. Schn\u00e4gg\u00e4cup (Samstag)"},"content":{"rendered":"<p>Lieber Tischtennisspieler, liebe Tischtennisspielerin<\/p>\n<p>Nachfolgend findest du die <strong>Gruppeneinteilung<\/strong> zum diesj\u00e4hrigen 5. Schn\u00e4gg\u00e4cup:<\/p>\n<p><a href=\"http:\/\/www.ttcb.ch\/wp-content\/uploads\/2023\/09\/Schn\u00e4gg\u00e4cup-2023-Original-voll.pdf\">Gruppeneinteilung Kategorie 1-3<\/a><\/p>\n<p><strong>Spielplan<\/strong> (\u00c4nderungen der Startzeiten ab Runde 2 vorbehalten!)<\/p>\n<p><a href=\"http:\/\/www.ttcb.ch\/wp-content\/uploads\/2023\/09\/Spielplan-Kategorie-1-und-2-2023.pdf\">Spielplan Kategorie 1 und 2<\/a><\/p>\n<p><a href=\"http:\/\/www.ttcb.ch\/wp-content\/uploads\/2023\/09\/Spielplan-Kategorie-3-2023.pdf\">Spielplan Kategorie 3<\/a><\/p>\n<p>Wir w\u00fcnschen dir bereits jetzt viel Spass und Erfolg an unserem Turnier und freuen uns, dich am Samstag bei uns im Ebnetsaal begr\u00fcssen zu d\u00fcrfen.<\/p>\n<p>Sportliche Gr\u00fcsse<\/p>\n<p>TTC Bronschhofen<\/p>\n<p><img loading=\"lazy\" decoding=\"async\" class=\"alignnone size-full wp-image-1998\" src=\"http:\/\/www.ttcb.ch\/wp-content\/uploads\/2019\/09\/schn\u00e4gg\u00e4cup-logo.png\" alt=\"\" width=\"85\" height=\"83\"><\/p>\n","protected":false},"excerpt":{"rendered":"<p>Lieber Tischtennisspieler, liebe Tischtennisspielerin Nachfolgend findest du die Gruppeneinteilung zum diesj\u00e4hrigen 5. Schn\u00e4gg\u00e4cup: Gruppeneinteilung Kategorie 1-3 Spielplan (\u00c4nderungen der Startzeiten ab Runde 2 vorbehalten!) Spielplan Kategorie 1 und 2 Spielplan Kategorie 3 Wir w\u00fcnschen dir bereits jetzt viel Spass und Erfolg an unserem Turnier und freuen uns, dich am Samstag bei uns im Ebnetsaal begr\u00fcssen&hellip; <a href=\"http:\/\/www.ttcb.ch\/?page_id=673\">Continue reading&#8230;<\/a><\/p>\n","protected":false},"author":4,"featured_media":0,"parent":0,"menu_order":0,"comment_status":"closed","ping_status":"closed","template":"templates\/page-right-sidebar.php","meta":{"ngg_post_thumbnail":0,"footnotes":""},"class_list":["post-673","page","type-page","status-publish","hentry"],"_links":{"self":[{"href":"http:\/\/www.ttcb.ch\/index.php?rest_route=\/wp\/v2\/pages\/673","targetHints":{"allow":["GET"]}}],"collection":[{"href":"http:\/\/www.ttcb.ch\/index.php?rest_route=\/wp\/v2\/pages"}],"about":[{"href":"http:\/\/www.ttcb.ch\/index.php?rest_route=\/wp\/v2\/types\/page"}],"author":[{"embeddable":true,"href":"http:\/\/www.ttcb.ch\/index.php?rest_route=\/wp\/v2\/users\/4"}],"replies":[{"embeddable":true,"href":"http:\/\/www.ttcb.ch\/index.php?rest_route=%2Fwp%2Fv2%2Fcomments&post=673"}],"version-history":[{"count":20,"href":"http:\/\/www.ttcb.ch\/index.php?rest_route=\/wp\/v2\/pages\/673\/revisions"}],"predecessor-version":[{"id":2751,"href":"http:\/\/www.ttcb.ch\/index.php?rest_route=\/wp\/v2\/pages\/673\/revisions\/2751"}],"wp:attachment":[{"href":"http:\/\/www.ttcb.ch\/index.php?rest_route=%2Fwp%2Fv2%2Fmedia&parent=673"}],"curies":[{"name":"wp","href":"https:\/\/api.w.org\/{rel}","templated":true}]}}