{"id":85,"date":"2014-04-08T22:56:21","date_gmt":"2014-04-08T21:56:21","guid":{"rendered":"http:\/\/ttcb.ch\/?page_id=85"},"modified":"2026-01-01T14:29:38","modified_gmt":"2026-01-01T13:29:38","slug":"vorstand","status":"publish","type":"page","link":"http:\/\/www.ttcb.ch\/?page_id=85","title":{"rendered":"Vorstand"},"content":{"rendered":"<p>Hast du eine Frage zu unserem Verein oder m\u00f6chtest du gerne mal unverbindlich in ein Training hereinschauen? Dann z\u00f6gere nicht und kontaktiere uns. Wir freuen uns auf dich!<\/p>\n<p>&nbsp;<\/p>\n<p><strong>Vorstand (aktualisiert 01.01.2026)<\/strong><\/p>\n<p><strong>Pr\u00e4sident:<\/strong><\/p>\n<p>Manuel Simonett<\/p>\n<p><a href=\"mailto:simonett.manuel@gmail.com\">simonett.manuel@gmail.com<\/a><\/p>\n<p>&nbsp;<\/p>\n<p><strong>Spielleiter:<\/strong><\/p>\n<p>Paul Fuchs<\/p>\n<p><a href=\"mailto:fuchs-paul@hotmail.com\">fuchs-paul@hotmail.com&nbsp;<\/a><\/p>\n<p>&nbsp;<\/p>\n<p><strong>Presse:<\/strong><\/p>\n<p>Paul Fuchs<\/p>\n<p><a href=\"mailto:fuchs-paul@hotmail.com\">fuchs-paul@hotmail.com&nbsp;<\/a><\/p>\n<p>&nbsp;<\/p>\n<p><strong>Aktuar:<\/strong><\/p>\n<p>Valerio Valsecchi<\/p>\n<p><a href=\"mailto:valerio.valsecchi@tbwil.ch\">valerio.valsecchi@tbwil.ch<\/a><\/p>\n<p>&nbsp;<\/p>\n<p><strong>Kassier:<\/strong><\/p>\n<p>Edith Leu<\/p>\n<p><a href=\"mailto:leuli@bluewin.ch\">leuli@bluewin.ch&nbsp;<\/a><\/p>\n<p>&nbsp;<\/p>\n<p><strong>Nachwuchsverantwortliche:<\/strong><\/p>\n<p>Malu Gaggioli<\/p>\n<p><a href=\"mailto:malu.gaggioli@outlook.com\">malu.gaggioli@outlook.com<\/a><\/p>\n","protected":false},"excerpt":{"rendered":"<p>Hast du eine Frage zu unserem Verein oder m\u00f6chtest du gerne mal unverbindlich in ein Training hereinschauen? Dann z\u00f6gere nicht und kontaktiere uns. Wir freuen uns auf dich! &nbsp; Vorstand (aktualisiert 01.01.2026) Pr\u00e4sident: Manuel Simonett simonett.manuel@gmail.com &nbsp; Spielleiter: Paul Fuchs fuchs-paul@hotmail.com&nbsp; &nbsp; Presse: Paul Fuchs fuchs-paul@hotmail.com&nbsp; &nbsp; Aktuar: Valerio Valsecchi valerio.valsecchi@tbwil.ch &nbsp; Kassier: Edith Leu&hellip; <a href=\"http:\/\/www.ttcb.ch\/?page_id=85\">Continue reading&#8230;<\/a><\/p>\n","protected":false},"author":1,"featured_media":0,"parent":80,"menu_order":0,"comment_status":"closed","ping_status":"closed","template":"templates\/page-right-sidebar.php","meta":{"ngg_post_thumbnail":0,"footnotes":""},"class_list":["post-85","page","type-page","status-publish","hentry"],"_links":{"self":[{"href":"http:\/\/www.ttcb.ch\/index.php?rest_route=\/wp\/v2\/pages\/85","targetHints":{"allow":["GET"]}}],"collection":[{"href":"http:\/\/www.ttcb.ch\/index.php?rest_route=\/wp\/v2\/pages"}],"about":[{"href":"http:\/\/www.ttcb.ch\/index.php?rest_route=\/wp\/v2\/types\/page"}],"author":[{"embeddable":true,"href":"http:\/\/www.ttcb.ch\/index.php?rest_route=\/wp\/v2\/users\/1"}],"replies":[{"embeddable":true,"href":"http:\/\/www.ttcb.ch\/index.php?rest_route=%2Fwp%2Fv2%2Fcomments&post=85"}],"version-history":[{"count":20,"href":"http:\/\/www.ttcb.ch\/index.php?rest_route=\/wp\/v2\/pages\/85\/revisions"}],"predecessor-version":[{"id":3017,"href":"http:\/\/www.ttcb.ch\/index.php?rest_route=\/wp\/v2\/pages\/85\/revisions\/3017"}],"up":[{"embeddable":true,"href":"http:\/\/www.ttcb.ch\/index.php?rest_route=\/wp\/v2\/pages\/80"}],"wp:attachment":[{"href":"http:\/\/www.ttcb.ch\/index.php?rest_route=%2Fwp%2Fv2%2Fmedia&parent=85"}],"curies":[{"name":"wp","href":"https:\/\/api.w.org\/{rel}","templated":true}]}}